{"id":256,"date":"2024-12-22T01:02:52","date_gmt":"2024-12-21T22:02:52","guid":{"rendered":"https:\/\/emircanlarpetrol.com\/?page_id=256"},"modified":"2025-04-09T02:52:43","modified_gmt":"2025-04-08T23:52:43","slug":"acik-riza-metni","status":"publish","type":"page","link":"https:\/\/emircanlarpetrol.com\/?page_id=256","title":{"rendered":"A\u00e7\u0131k R\u0131za Metni"},"content":{"rendered":"\n<p class=\"has-ast-global-color-1-color has-text-color has-link-color has-medium-font-size wp-elements-78a2a5666712c4f110b62aa5bc32e4d3\"><strong>6698 SAYILI K\u0130\u015e\u0130SEL VER\u0130LER\u0130N KORUNMASI KANUNU (\u201cKVKK\u201d) UYARINCA K\u0130\u015e\u0130SEL VER\u0130LER\u0130N KORUNMASI HAKKINDA A\u00c7IK RIZA METN\u0130<\/strong><\/p>\n\n\n\n<p><strong>EM\u0130RCANLAR PETROL \u0130N\u015e. GIDA. TUR. SAN. ve T\u0130C. LTD. \u015eT\u0130.<\/strong> (k\u0131saca <strong>Emircanlar Petrol<\/strong>) olarak, ki\u015fisel verilerinizin i\u015flenmesiyle ilgili a\u015fa\u011f\u0131daki hususlarda a\u00e7\u0131k r\u0131zan\u0131z\u0131 talep etmekteyiz. <strong>Emircanlar Petrol<\/strong>, veri sorumlusu s\u0131fat\u0131yla, 7 Nisan 2016 tarihli ve 29677 say\u0131l\u0131 Resm\u00ee Gazete\u2019de yay\u0131mlanan 6698 say\u0131l\u0131 Ki\u015fisel Verilerin Korunmas\u0131 Kanunu (\u201cKanun\u201d) ve ilgili mevzuat \u00e7er\u00e7evesinde, belirli istisnalar hari\u00e7, a\u015fa\u011f\u0131da belirtilen hususlarda ki\u015fisel verilerinizi i\u015flemektedir.<\/p>\n\n\n\n<p>Ki\u015fisel verilerinizin i\u015flenmesi s\u0131ras\u0131nda <strong>Emircanlar Petrol<\/strong> taraf\u0131ndan, Ki\u015fisel Verilerin Korunmas\u0131 Kurumu taraf\u0131ndan belirlenen \u00fc\u00e7 standart dikkate al\u0131narak a\u00e7\u0131k r\u0131zan\u0131z al\u0131nmaktad\u0131r. \u015eeffafl\u0131k ilkesi do\u011frultusunda, r\u0131zan\u0131z\u0131 talep ederken dikkate ald\u0131\u011f\u0131m\u0131z kriterler \u015fu \u015fekildedir:<\/p>\n\n\n\n<h3 class=\"wp-block-heading has-ast-global-color-1-color has-text-color has-link-color wp-elements-69c11c2c1df5d09411a06e5907ac19a6\">a) Belirli Bir Konuya \u0130li\u015fkin Olmas\u0131<\/h3>\n\n\n\n<p>A\u00e7\u0131k r\u0131zan\u0131z\u0131, yaln\u0131zca taraf\u0131m\u0131zla imzalanan i\u015f akdine ve \u00e7al\u0131\u015fma s\u0131ras\u0131nda ihtiya\u00e7 duyulabilecek ki\u015fisel verilerinizin kullan\u0131m\u0131 i\u00e7in talep etmekteyiz. Zorunlu plaka bilgilerinizin \u00fcst i\u015fveren sistemlerine kaydedilmesi, foto\u011fraflar\u0131n\u0131z\u0131n yay\u0131mlanmas\u0131 ve bilgilerinizin \u00e7\u00f6z\u00fcm ortaklar\u0131m\u0131z ve \u00fcst i\u015fverenlerimizle (\u00f6rne\u011fin, Aytemiz Akaryak\u0131t A.\u015e.) payla\u015f\u0131lmas\u0131 gibi durumlar, akaryak\u0131t ticaretinin s\u00fcrd\u00fcr\u00fclebilmesi ve s\u00f6zle\u015fme tanzimi s\u0131ras\u0131nda insan kaynaklar\u0131 taraf\u0131ndan yap\u0131lan bilgilendirmelere dayanmaktad\u0131r. Bu kapsamda, ki\u015fisel verilerinizin i\u015flenmesi i\u00e7in r\u0131zan\u0131z\u0131 talep etmekteyiz.<\/p>\n\n\n\n<h3 class=\"wp-block-heading has-ast-global-color-1-color has-text-color has-link-color wp-elements-49e74e1318fb20a04362c1a6bef1c200\">b) R\u0131zan\u0131n Bilgilendirmeye Dayanmas\u0131<\/h3>\n\n\n\n<p>6698 say\u0131l\u0131 Kanun, ki\u015fisel verilerin a\u00e7\u0131k r\u0131za \u015fart\u0131 aranmaks\u0131z\u0131n i\u015flenebilece\u011fi baz\u0131 haller \u00f6ng\u00f6rmektedir. Konu hakk\u0131nda daha fazla bilgi almak i\u00e7in, <strong><a class=\"\" href=\"http:\/\/www.emircanlarpetrol.com\">www.emircanlarpetrol.com<\/a><\/strong> adresindeki ayd\u0131nlatma metnimizi inceleyebilirsiniz. Talep etmeniz halinde, \u015firket yetkililerimiz taraf\u0131ndan gerekli bilgilendirmeler yap\u0131lacakt\u0131r. Bu bilgilendirmelerin yeterli oldu\u011funu d\u00fc\u015f\u00fcn\u00fcyorsan\u0131z, a\u015fa\u011f\u0131da yer alan kutucukta, r\u0131zan\u0131z\u0131 a\u00e7\u0131k\u00e7a beyan edebilirsiniz.<\/p>\n\n\n\n<h3 class=\"wp-block-heading has-ast-global-color-1-color has-text-color has-link-color wp-elements-a1b8db570b71548003148413a182480d\">c) \u00d6zg\u00fcr \u0130radeyle A\u00e7\u0131klanmas\u0131<\/h3>\n\n\n\n<p>Taraf\u0131n\u0131za yap\u0131lan bilgilendirme ve a\u00e7\u0131klamalar do\u011frultusunda, 6698 say\u0131l\u0131 Kanun\u2019un h\u00fck\u00fcmlerine ayk\u0131r\u0131 olmamak kayd\u0131yla ki\u015fisel verilerinizin i\u015flenmesi, kullan\u0131lmas\u0131 ve aktar\u0131lmas\u0131 konusunda \u00f6zg\u00fcr iradenizle onay\u0131n\u0131z\u0131 bekliyoruz. A\u015fa\u011f\u0131daki kutucuklarda, olumlu veya olumsuz r\u0131zan\u0131z\u0131 belirtebilirsiniz.<\/p>\n\n\n\n<p>Yukar\u0131da belirtilen kriterlere uygun olarak i\u015flenen t\u00fcm veriler, i\u015flenme s\u00fcreleri, ama\u00e7lar\u0131 ve ilgili di\u011fer t\u00fcm hususlar <strong>VERB\u0130S<\/strong> (Veri Sorumlular\u0131 Bilgi Sistemi) \u00fczerinden payla\u015f\u0131lm\u0131\u015ft\u0131r. Ayr\u0131ca, ayd\u0131nlatma metninde ve \u00e7erez politikas\u0131nda da konuyla ilgili detaylar yer almaktad\u0131r.<\/p>\n\n\n\n<p>\u0130\u015flenen baz\u0131 veriler ve bunlar\u0131n i\u015flenme ama\u00e7lar\u0131 a\u015fa\u011f\u0131da s\u0131ralanm\u0131\u015ft\u0131r. Bu veriler, Kanun\u2019un 5. ve 6. maddelerinde belirtilen i\u015fleme \u015fartlar\u0131na ve ama\u00e7lar\u0131na dayanarak i\u015flenecektir. Veri sorumlusu <strong>Emircanlar Petrol<\/strong>, gerekti\u011finde ki\u015fisel verileri aktarabilece\u011fini, devredebilece\u011fini, s\u0131n\u0131fland\u0131rabilece\u011fini ve Kanun\u2019da belirtilen di\u011fer \u015fekillerde i\u015fleyebilece\u011fini bildirmektedir.<\/p>\n\n\n\n<p><strong>Emircanlar Petrol<\/strong> ve yetkilileri taraf\u0131ndan yap\u0131lan ayd\u0131nlatma metninde, i\u015flenecek ki\u015fisel veri kategorileri, verilerin i\u015flenme ama\u00e7lar\u0131, aktar\u0131laca\u011f\u0131 ki\u015filer, toplama y\u00f6ntemleri ve hukuki sebepler a\u00e7\u0131k\u00e7a belirtilmi\u015ftir. Her zaman, veri sorumlusuna ba\u015fvurarak daha fazla bilgi alman\u0131z m\u00fcmk\u00fcnd\u00fcr. 6698 say\u0131l\u0131 Kanun\u2019un 11. maddesi gere\u011fi sahip oldu\u011funuz haklar sakl\u0131d\u0131r.<\/p>\n\n\n\n<p>\u0130lgili metinlerimiz, \u015firket merkezimizde ve anla\u015fmal\u0131 internet sitelerinde eri\u015filebilir durumdad\u0131r.<\/p>\n\n\n\n<p><strong>A\u00e7\u0131k R\u0131zam\u0131n Beyan\u0131:<\/strong> \u0130\u015flenecek ki\u015fisel verilerimin, 6698 say\u0131l\u0131 Ki\u015fisel Verilerin Korunmas\u0131 Kanunu\u2019nun 5\/2 (a), (c), (\u00e7), (e), (f) bentlerinde belirtilen \u201ckanunlarda \u00f6ng\u00f6r\u00fclmesi, s\u00f6zle\u015fmenin kurulmas\u0131 veya ifas\u0131, hukuki y\u00fck\u00fcml\u00fcl\u00fc\u011f\u00fcn yerine getirilebilmesi, bir hakk\u0131n tesisi, kurulmas\u0131 veya ifas\u0131, veri sorumlusunun me\u015fru menfaati\u201d kapsam\u0131nda istisna h\u00fck\u00fcmlerine dayanmadan i\u015flenecektir. Ayd\u0131nlatma metninde belirtilen ama\u00e7 ve hukuki sebeplerle, ki\u015fisel verilerimin i\u015flenmesine ve belirtilen yerlere aktar\u0131lmas\u0131na, \u00f6zg\u00fcr irademle a\u00e7\u0131k r\u0131zam\u0131 beyan ediyorum.<\/p>\n\n\n\n<p><strong>Veri Sorumlusu\u2019nun Kimli\u011fi ve \u0130leti\u015fim Bilgileri:<\/strong><\/p>\n\n\n\n<p><strong>K.E.P.<\/strong>: [Kep Adresi]<\/p>\n\n\n\n<p><strong>Veri Sorumlusu<\/strong>: EM\u0130RCANLAR PETROL \u0130N\u015e. GIDA. TUR. SAN. ve T\u0130C. LTD. \u015eT\u0130.<\/p>\n\n\n\n<p><strong>Adres<\/strong>: [Adres Bilgisi]<\/p>\n\n\n\n<p><strong>Telefon<\/strong>: [Telefon Numaras\u0131]<\/p>\n\n\n\n<p><strong>Faks<\/strong>: [Faks Numaras\u0131]<\/p>\n\n\n\n<p><strong>E-posta<\/strong>: [E-posta Adresi]<\/p>\n\n\n\n<p><\/p>\n","protected":false},"excerpt":{"rendered":"<p>6698 SAYILI K\u0130\u015e\u0130SEL VER\u0130LER\u0130N KORUNMASI KANUNU (\u201cKVKK\u201d) UYARINCA K\u0130\u015e\u0130SEL VER\u0130LER\u0130N KORUNMASI HAKKINDA A\u00c7IK RIZA METN\u0130 EM\u0130RCANLAR PETROL \u0130N\u015e. GIDA. TUR. [&hellip;]<\/p>\n","protected":false},"author":2,"featured_media":386,"parent":0,"menu_order":0,"comment_status":"closed","ping_status":"closed","template":"","meta":{"site-sidebar-layout":"default","site-content-layout":"","ast-site-content-layout":"","site-content-style":"default","site-sidebar-style":"default","ast-global-header-display":"","ast-banner-title-visibility":"","ast-main-header-display":"","ast-hfb-above-header-display":"","ast-hfb-below-header-display":"","ast-hfb-mobile-header-display":"","site-post-title":"disabled","ast-breadcrumbs-content":"","ast-featured-img":"disabled","footer-sml-layout":"","theme-transparent-header-meta":"","adv-header-id-meta":"","stick-header-meta":"","header-above-stick-meta":"","header-main-stick-meta":"","header-below-stick-meta":"","astra-migrate-meta-layouts":"default","ast-page-background-enabled":"default","ast-page-background-meta":{"desktop":{"background-color":"var(--ast-global-color-4)","background-image":"","background-repeat":"repeat","background-position":"center center","background-size":"auto","background-attachment":"scroll","background-type":"","background-media":"","overlay-type":"","overlay-color":"","overlay-opacity":"","overlay-gradient":""},"tablet":{"background-color":"","background-image":"","background-repeat":"repeat","background-position":"center center","background-size":"auto","background-attachment":"scroll","background-type":"","background-media":"","overlay-type":"","overlay-color":"","overlay-opacity":"","overlay-gradient":""},"mobile":{"background-color":"","background-image":"","background-repeat":"repeat","background-position":"center center","background-size":"auto","background-attachment":"scroll","background-type":"","background-media":"","overlay-type":"","overlay-color":"","overlay-opacity":"","overlay-gradient":""}},"ast-content-background-meta":{"desktop":{"background-color":"var(--ast-global-color-5)","background-image":"","background-repeat":"repeat","background-position":"center center","background-size":"auto","background-attachment":"scroll","background-type":"","background-media":"","overlay-type":"","overlay-color":"","overlay-opacity":"","overlay-gradient":""},"tablet":{"background-color":"var(--ast-global-color-5)","background-image":"","background-repeat":"repeat","background-position":"center center","background-size":"auto","background-attachment":"scroll","background-type":"","background-media":"","overlay-type":"","overlay-color":"","overlay-opacity":"","overlay-gradient":""},"mobile":{"background-color":"var(--ast-global-color-5)","background-image":"","background-repeat":"repeat","background-position":"center center","background-size":"auto","background-attachment":"scroll","background-type":"","background-media":"","overlay-type":"","overlay-color":"","overlay-opacity":"","overlay-gradient":""}},"footnotes":""},"class_list":["post-256","page","type-page","status-publish","has-post-thumbnail","hentry"],"yoast_head":"<!-- This site is optimized with the Yoast SEO plugin v26.5 - https:\/\/yoast.com\/wordpress\/plugins\/seo\/ -->\n<title>A\u00e7\u0131k R\u0131za Metni - Emircanlar Petrol<\/title>\n<meta name=\"description\" content=\"Emircanlar Petrol, \u0130zmir akaryak\u0131t fiyatlar\u0131 hakk\u0131nda bilgilendirme sa\u011flarken ki\u015fisel verilerinizi a\u00e7\u0131k r\u0131za ile g\u00fcvenle i\u015fler.\" \/>\n<meta name=\"robots\" content=\"index, follow, max-snippet:-1, max-image-preview:large, max-video-preview:-1\" \/>\n<link rel=\"canonical\" href=\"https:\/\/emircanlarpetrol.com\/?page_id=256\" \/>\n<meta property=\"og:locale\" content=\"tr_TR\" \/>\n<meta property=\"og:type\" content=\"article\" \/>\n<meta property=\"og:title\" content=\"kvkk-aydinlatma-metni\" \/>\n<meta property=\"og:description\" content=\"Emircanlar Petrol, \u0130zmir akaryak\u0131t fiyatlar\u0131 hakk\u0131nda bilgilendirme sa\u011flarken ki\u015fisel verilerinizi a\u00e7\u0131k r\u0131za ile g\u00fcvenle i\u015fler.\" \/>\n<meta property=\"og:url\" content=\"https:\/\/emircanlarpetrol.com\/?page_id=256\" \/>\n<meta property=\"og:site_name\" content=\"Emircanlar Petrol\" \/>\n<meta property=\"article:modified_time\" content=\"2025-04-08T23:52:43+00:00\" \/>\n<meta property=\"og:image\" content=\"https:\/\/emircanlarpetrol.com\/wp-content\/uploads\/2025\/04\/Untitled-38.png\" \/>\n\t<meta property=\"og:image:width\" content=\"1080\" \/>\n\t<meta property=\"og:image:height\" content=\"1080\" \/>\n\t<meta property=\"og:image:type\" content=\"image\/png\" \/>\n<meta name=\"twitter:card\" content=\"summary_large_image\" \/>\n<meta name=\"twitter:label1\" content=\"Tahmini okuma s\u00fcresi\" \/>\n\t<meta name=\"twitter:data1\" content=\"4 dakika\" \/>\n<script type=\"application\/ld+json\" class=\"yoast-schema-graph\">{\"@context\":\"https:\/\/schema.org\",\"@graph\":[{\"@type\":\"WebPage\",\"@id\":\"https:\/\/emircanlarpetrol.com\/?page_id=256\",\"url\":\"https:\/\/emircanlarpetrol.com\/?page_id=256\",\"name\":\"A\u00e7\u0131k R\u0131za Metni - Emircanlar Petrol\",\"isPartOf\":{\"@id\":\"https:\/\/emircanlarpetrol.com\/#website\"},\"primaryImageOfPage\":{\"@id\":\"https:\/\/emircanlarpetrol.com\/?page_id=256#primaryimage\"},\"image\":{\"@id\":\"https:\/\/emircanlarpetrol.com\/?page_id=256#primaryimage\"},\"thumbnailUrl\":\"https:\/\/emircanlarpetrol.com\/wp-content\/uploads\/2025\/04\/Untitled-37.png\",\"datePublished\":\"2024-12-21T22:02:52+00:00\",\"dateModified\":\"2025-04-08T23:52:43+00:00\",\"description\":\"Emircanlar Petrol, \u0130zmir akaryak\u0131t fiyatlar\u0131 hakk\u0131nda bilgilendirme sa\u011flarken ki\u015fisel verilerinizi a\u00e7\u0131k r\u0131za ile g\u00fcvenle i\u015fler.\",\"breadcrumb\":{\"@id\":\"https:\/\/emircanlarpetrol.com\/?page_id=256#breadcrumb\"},\"inLanguage\":\"tr\",\"potentialAction\":[{\"@type\":\"ReadAction\",\"target\":[\"https:\/\/emircanlarpetrol.com\/?page_id=256\"]}]},{\"@type\":\"ImageObject\",\"inLanguage\":\"tr\",\"@id\":\"https:\/\/emircanlarpetrol.com\/?page_id=256#primaryimage\",\"url\":\"https:\/\/emircanlarpetrol.com\/wp-content\/uploads\/2025\/04\/Untitled-37.png\",\"contentUrl\":\"https:\/\/emircanlarpetrol.com\/wp-content\/uploads\/2025\/04\/Untitled-37.png\",\"width\":1080,\"height\":1080,\"caption\":\"emircanlar-petrol-acik-riza-metni,\"},{\"@type\":\"BreadcrumbList\",\"@id\":\"https:\/\/emircanlarpetrol.com\/?page_id=256#breadcrumb\",\"itemListElement\":[{\"@type\":\"ListItem\",\"position\":1,\"name\":\"Anasayfa\",\"item\":\"https:\/\/emircanlarpetrol.com\/\"},{\"@type\":\"ListItem\",\"position\":2,\"name\":\"A\u00e7\u0131k R\u0131za Metni\"}]},{\"@type\":\"WebSite\",\"@id\":\"https:\/\/emircanlarpetrol.com\/#website\",\"url\":\"https:\/\/emircanlarpetrol.com\/\",\"name\":\"Emircanlar Petrol\",\"description\":\"\u0130zmir&#039;in sevilen akaryak\u0131t istasyonu!\",\"publisher\":{\"@id\":\"https:\/\/emircanlarpetrol.com\/#organization\"},\"potentialAction\":[{\"@type\":\"SearchAction\",\"target\":{\"@type\":\"EntryPoint\",\"urlTemplate\":\"https:\/\/emircanlarpetrol.com\/?s={search_term_string}\"},\"query-input\":{\"@type\":\"PropertyValueSpecification\",\"valueRequired\":true,\"valueName\":\"search_term_string\"}}],\"inLanguage\":\"tr\"},{\"@type\":\"Organization\",\"@id\":\"https:\/\/emircanlarpetrol.com\/#organization\",\"name\":\"Emircanlar Petrol\",\"url\":\"https:\/\/emircanlarpetrol.com\/\",\"logo\":{\"@type\":\"ImageObject\",\"inLanguage\":\"tr\",\"@id\":\"https:\/\/emircanlarpetrol.com\/#\/schema\/logo\/image\/\",\"url\":\"https:\/\/emircanlarpetrol.com\/wp-content\/uploads\/2026\/04\/cropped-logo.png\",\"contentUrl\":\"https:\/\/emircanlarpetrol.com\/wp-content\/uploads\/2026\/04\/cropped-logo.png\",\"width\":300,\"height\":100,\"caption\":\"Emircanlar Petrol\"},\"image\":{\"@id\":\"https:\/\/emircanlarpetrol.com\/#\/schema\/logo\/image\/\"}}]}<\/script>\n<!-- \/ Yoast SEO plugin. -->","yoast_head_json":{"title":"A\u00e7\u0131k R\u0131za Metni - Emircanlar Petrol","description":"Emircanlar Petrol, \u0130zmir akaryak\u0131t fiyatlar\u0131 hakk\u0131nda bilgilendirme sa\u011flarken ki\u015fisel verilerinizi a\u00e7\u0131k r\u0131za ile g\u00fcvenle i\u015fler.","robots":{"index":"index","follow":"follow","max-snippet":"max-snippet:-1","max-image-preview":"max-image-preview:large","max-video-preview":"max-video-preview:-1"},"canonical":"https:\/\/emircanlarpetrol.com\/?page_id=256","og_locale":"tr_TR","og_type":"article","og_title":"kvkk-aydinlatma-metni","og_description":"Emircanlar Petrol, \u0130zmir akaryak\u0131t fiyatlar\u0131 hakk\u0131nda bilgilendirme sa\u011flarken ki\u015fisel verilerinizi a\u00e7\u0131k r\u0131za ile g\u00fcvenle i\u015fler.","og_url":"https:\/\/emircanlarpetrol.com\/?page_id=256","og_site_name":"Emircanlar Petrol","article_modified_time":"2025-04-08T23:52:43+00:00","og_image":[{"width":1080,"height":1080,"url":"https:\/\/emircanlarpetrol.com\/wp-content\/uploads\/2025\/04\/Untitled-38.png","type":"image\/png"}],"twitter_card":"summary_large_image","twitter_misc":{"Tahmini okuma s\u00fcresi":"4 dakika"},"schema":{"@context":"https:\/\/schema.org","@graph":[{"@type":"WebPage","@id":"https:\/\/emircanlarpetrol.com\/?page_id=256","url":"https:\/\/emircanlarpetrol.com\/?page_id=256","name":"A\u00e7\u0131k R\u0131za Metni - Emircanlar Petrol","isPartOf":{"@id":"https:\/\/emircanlarpetrol.com\/#website"},"primaryImageOfPage":{"@id":"https:\/\/emircanlarpetrol.com\/?page_id=256#primaryimage"},"image":{"@id":"https:\/\/emircanlarpetrol.com\/?page_id=256#primaryimage"},"thumbnailUrl":"https:\/\/emircanlarpetrol.com\/wp-content\/uploads\/2025\/04\/Untitled-37.png","datePublished":"2024-12-21T22:02:52+00:00","dateModified":"2025-04-08T23:52:43+00:00","description":"Emircanlar Petrol, \u0130zmir akaryak\u0131t fiyatlar\u0131 hakk\u0131nda bilgilendirme sa\u011flarken ki\u015fisel verilerinizi a\u00e7\u0131k r\u0131za ile g\u00fcvenle i\u015fler.","breadcrumb":{"@id":"https:\/\/emircanlarpetrol.com\/?page_id=256#breadcrumb"},"inLanguage":"tr","potentialAction":[{"@type":"ReadAction","target":["https:\/\/emircanlarpetrol.com\/?page_id=256"]}]},{"@type":"ImageObject","inLanguage":"tr","@id":"https:\/\/emircanlarpetrol.com\/?page_id=256#primaryimage","url":"https:\/\/emircanlarpetrol.com\/wp-content\/uploads\/2025\/04\/Untitled-37.png","contentUrl":"https:\/\/emircanlarpetrol.com\/wp-content\/uploads\/2025\/04\/Untitled-37.png","width":1080,"height":1080,"caption":"emircanlar-petrol-acik-riza-metni,"},{"@type":"BreadcrumbList","@id":"https:\/\/emircanlarpetrol.com\/?page_id=256#breadcrumb","itemListElement":[{"@type":"ListItem","position":1,"name":"Anasayfa","item":"https:\/\/emircanlarpetrol.com\/"},{"@type":"ListItem","position":2,"name":"A\u00e7\u0131k R\u0131za Metni"}]},{"@type":"WebSite","@id":"https:\/\/emircanlarpetrol.com\/#website","url":"https:\/\/emircanlarpetrol.com\/","name":"Emircanlar Petrol","description":"\u0130zmir&#039;in sevilen akaryak\u0131t istasyonu!","publisher":{"@id":"https:\/\/emircanlarpetrol.com\/#organization"},"potentialAction":[{"@type":"SearchAction","target":{"@type":"EntryPoint","urlTemplate":"https:\/\/emircanlarpetrol.com\/?s={search_term_string}"},"query-input":{"@type":"PropertyValueSpecification","valueRequired":true,"valueName":"search_term_string"}}],"inLanguage":"tr"},{"@type":"Organization","@id":"https:\/\/emircanlarpetrol.com\/#organization","name":"Emircanlar Petrol","url":"https:\/\/emircanlarpetrol.com\/","logo":{"@type":"ImageObject","inLanguage":"tr","@id":"https:\/\/emircanlarpetrol.com\/#\/schema\/logo\/image\/","url":"https:\/\/emircanlarpetrol.com\/wp-content\/uploads\/2026\/04\/cropped-logo.png","contentUrl":"https:\/\/emircanlarpetrol.com\/wp-content\/uploads\/2026\/04\/cropped-logo.png","width":300,"height":100,"caption":"Emircanlar Petrol"},"image":{"@id":"https:\/\/emircanlarpetrol.com\/#\/schema\/logo\/image\/"}}]}},"jetpack_sharing_enabled":true,"_links":{"self":[{"href":"https:\/\/emircanlarpetrol.com\/index.php?rest_route=\/wp\/v2\/pages\/256","targetHints":{"allow":["GET"]}}],"collection":[{"href":"https:\/\/emircanlarpetrol.com\/index.php?rest_route=\/wp\/v2\/pages"}],"about":[{"href":"https:\/\/emircanlarpetrol.com\/index.php?rest_route=\/wp\/v2\/types\/page"}],"author":[{"embeddable":true,"href":"https:\/\/emircanlarpetrol.com\/index.php?rest_route=\/wp\/v2\/users\/2"}],"replies":[{"embeddable":true,"href":"https:\/\/emircanlarpetrol.com\/index.php?rest_route=%2Fwp%2Fv2%2Fcomments&post=256"}],"version-history":[{"count":4,"href":"https:\/\/emircanlarpetrol.com\/index.php?rest_route=\/wp\/v2\/pages\/256\/revisions"}],"predecessor-version":[{"id":401,"href":"https:\/\/emircanlarpetrol.com\/index.php?rest_route=\/wp\/v2\/pages\/256\/revisions\/401"}],"wp:featuredmedia":[{"embeddable":true,"href":"https:\/\/emircanlarpetrol.com\/index.php?rest_route=\/wp\/v2\/media\/386"}],"wp:attachment":[{"href":"https:\/\/emircanlarpetrol.com\/index.php?rest_route=%2Fwp%2Fv2%2Fmedia&parent=256"}],"curies":[{"name":"wp","href":"https:\/\/api.w.org\/{rel}","templated":true}]}}