{"id":250,"date":"2024-12-22T00:54:21","date_gmt":"2024-12-21T21:54:21","guid":{"rendered":"https:\/\/emircanlarpetrol.com\/?page_id=250"},"modified":"2025-04-09T02:51:20","modified_gmt":"2025-04-08T23:51:20","slug":"kvkk-aydinlatma-metni","status":"publish","type":"page","link":"https:\/\/emircanlarpetrol.com\/?page_id=250","title":{"rendered":"KVKK Ayd\u0131nlatma Metni"},"content":{"rendered":"\n<p class=\"has-ast-global-color-1-color has-text-color has-link-color wp-elements-31d43b75d4433e8fc719a416c7f54390\">K\u0130\u015e\u0130SEL VER\u0130LER\u0130N KORUNMASI KANUNU (KVKK) KAPSAMINDA AYDINLATMA METN\u0130<\/p>\n\n\n\n<p><strong>Emircanlar Petrol \u00dcr\u00fcnleri Nakliye G\u0131da Sanayi ve Ticaret Limited \u015eirketi<\/strong> olarak, 6698 say\u0131l\u0131 Ki\u015fisel Verilerin Korunmas\u0131 Kanunu (&#8220;KVKK&#8221;) uyar\u0131nca, veri sorumlusu s\u0131fat\u0131yla ki\u015fisel verilerinizin i\u015flenmesine ili\u015fkin sizleri bilgilendirmek isteriz.<\/p>\n\n\n\n<h3 class=\"wp-block-heading has-ast-global-color-1-color has-text-color has-link-color wp-elements-ef48520b8cb87901f7a49f7edd43af09\">1. Ki\u015fisel Verilerin \u0130\u015flenme Ama\u00e7lar\u0131<\/h3>\n\n\n\n<p>Ki\u015fisel verileriniz, KVKK ve ilgili mevzuata uygun olarak;<\/p>\n\n\n\n<ul class=\"wp-block-list\">\n<li>\u015eirket faaliyetlerinin y\u00fcr\u00fct\u00fclmesi,<\/li>\n\n\n\n<li>Hizmetlerimizin sunulmas\u0131 ve geli\u015ftirilmesi,<\/li>\n\n\n\n<li>\u0130leti\u015fim faaliyetlerinin y\u00fcr\u00fct\u00fclmesi,<\/li>\n\n\n\n<li>\u015eirketimizin hukuki ve ticari g\u00fcvenli\u011finin sa\u011flanmas\u0131,<\/li>\n\n\n\n<li>\u0130nsan kaynaklar\u0131 s\u00fcre\u00e7lerinin planlanmas\u0131 ve icras\u0131,<\/li>\n\n\n\n<li>Yasal y\u00fck\u00fcml\u00fcl\u00fcklerimizin yerine getirilmesi<\/li>\n<\/ul>\n\n\n\n<p>ama\u00e7lar\u0131yla i\u015flenmektedir.<\/p>\n\n\n\n<h3 class=\"wp-block-heading has-ast-global-color-1-color has-text-color has-link-color wp-elements-29540b75b13f26dceade4f155f1afd31\">2. \u0130\u015flenen Ki\u015fisel Veriler<\/h3>\n\n\n\n<p>\u015eirketimiz taraf\u0131ndan i\u015flenebilecek ki\u015fisel verileriniz a\u015fa\u011f\u0131dakilerle s\u0131n\u0131rl\u0131 olmamak \u00fczere;<\/p>\n\n\n\n<ul class=\"wp-block-list\">\n<li>Kimlik Bilgileri (Ad, soyad, T.C. kimlik numaras\u0131 vb.),<\/li>\n\n\n\n<li>\u0130leti\u015fim Bilgileri (Telefon numaras\u0131, e-posta adresi, ikamet adresi vb.),<\/li>\n\n\n\n<li>Lokasyon bilgisi (g\u00fcvenlik amac\u0131yla al\u0131nan kamera kay\u0131tlar\u0131 vb.),<\/li>\n\n\n\n<li>\u0130\u015flem G\u00fcvenli\u011fi Bilgileri (IP adresi, log kay\u0131tlar\u0131 vb.),<\/li>\n\n\n\n<li>Finansal Bilgiler (Banka hesap bilgileri vb.),<\/li>\n\n\n\n<li>Di\u011fer veriler (G\u00f6rsel ve i\u015fitsel kay\u0131tlar, ara\u00e7 plaka bilgisi vb.)<\/li>\n<\/ul>\n\n\n\n<p>olarak s\u0131ralanabilir.<\/p>\n\n\n\n<h3 class=\"wp-block-heading has-ast-global-color-1-color has-text-color has-link-color wp-elements-4ff70c8b0b1af6c31dbdef6a2495a37f\">3. Ki\u015fisel Verilerin Toplanma Y\u00f6ntemi ve Hukuki Sebepleri<\/h3>\n\n\n\n<p>Ki\u015fisel verileriniz; fiziki formlar, kamera kay\u0131tlar\u0131, dijital ortamlar, e-posta, web sitesi, sosyal medya, ba\u015fvuru formlar\u0131 gibi \u00e7e\u015fitli kanallardan otomatik veya otomatik olmayan yollarla toplanmaktad\u0131r.<\/p>\n\n\n\n<p>Bu veriler, KVKK&#8217;n\u0131n 5. ve 6. maddelerinde belirtilen;<\/p>\n\n\n\n<ul class=\"wp-block-list\">\n<li>A\u00e7\u0131k r\u0131zan\u0131n bulunmas\u0131,<\/li>\n\n\n\n<li>Kanunlarda a\u00e7\u0131k\u00e7a \u00f6ng\u00f6r\u00fclmesi,<\/li>\n\n\n\n<li>Bir s\u00f6zle\u015fmenin kurulmas\u0131 veya ifas\u0131yla do\u011frudan ilgili olmas\u0131,<\/li>\n\n\n\n<li>Hukuki y\u00fck\u00fcml\u00fcl\u00fc\u011f\u00fcn yerine getirilmesi,<\/li>\n\n\n\n<li>Bir hakk\u0131n tesisi, kullan\u0131lmas\u0131 veya korunmas\u0131 i\u00e7in veri i\u015flemenin zorunlu olmas\u0131,<\/li>\n\n\n\n<li>\u0130lgili ki\u015finin temel hak ve \u00f6zg\u00fcrl\u00fcklerine zarar vermemek kayd\u0131yla veri sorumlusunun me\u015fru menfaatleri i\u00e7in veri i\u015flenmesinin zorunlu olmas\u0131<\/li>\n<\/ul>\n\n\n\n<p>hukuki sebeplerine dayanarak i\u015flenmektedir.<\/p>\n\n\n\n<h3 class=\"wp-block-heading has-ast-global-color-1-color has-text-color has-link-color wp-elements-afec56c0029a774cdb32bf7e8b3fb4ae\">4. Ki\u015fisel Verilerin Aktar\u0131m\u0131<\/h3>\n\n\n\n<p>Toplanan ki\u015fisel verileriniz; yukar\u0131da belirtilen ama\u00e7lar do\u011frultusunda, hukuki y\u00fck\u00fcml\u00fcl\u00fcklerimizin gerektirdi\u011fi veya a\u00e7\u0131k r\u0131zan\u0131z\u0131n bulundu\u011fu hallerde;<\/p>\n\n\n\n<ul class=\"wp-block-list\">\n<li>\u0130lgili kamu kurum ve kurulu\u015flar\u0131na,<\/li>\n\n\n\n<li>Grup \u015firketlerimize,<\/li>\n\n\n\n<li>Hizmet ald\u0131\u011f\u0131m\u0131z \u00fc\u00e7\u00fcnc\u00fc ki\u015fi firma ve tedarik\u00e7ilere,<\/li>\n\n\n\n<li>Yurt i\u00e7i veya, a\u00e7\u0131k r\u0131za bulunmas\u0131 halinde yurt d\u0131\u015f\u0131ndaki i\u015f ortaklar\u0131m\u0131za<\/li>\n<\/ul>\n\n\n\n<p>aktar\u0131labilir.<\/p>\n\n\n\n<h3 class=\"wp-block-heading has-ast-global-color-1-color has-text-color has-link-color wp-elements-3419ddbcf74ab0432b59488e4e60cb57\">5. KVKK Kapsam\u0131ndaki Haklar\u0131n\u0131z<\/h3>\n\n\n\n<p>KVKK&#8217;n\u0131n 11. maddesi kapsam\u0131nda, veri sahibi olarak;<\/p>\n\n\n\n<ul class=\"wp-block-list\">\n<li>Ki\u015fisel verilerinizin i\u015flenip i\u015flenmedi\u011fini \u00f6\u011frenme,<\/li>\n\n\n\n<li>\u0130\u015flenmi\u015fse buna ili\u015fkin bilgi talep etme,<\/li>\n\n\n\n<li>Verilerin i\u015flenme amac\u0131n\u0131 ve amac\u0131na uygun kullan\u0131l\u0131p kullan\u0131lmad\u0131\u011f\u0131n\u0131 \u00f6\u011frenme,<\/li>\n\n\n\n<li>Yurt i\u00e7inde veya yurt d\u0131\u015f\u0131nda aktar\u0131ld\u0131\u011f\u0131 \u00fc\u00e7\u00fcnc\u00fc ki\u015fileri bilme,<\/li>\n\n\n\n<li>Verilerin eksik veya yanl\u0131\u015f i\u015flenmi\u015f olmas\u0131 halinde d\u00fczeltilmesini isteme,<\/li>\n\n\n\n<li>KVKK\u2019ya uygun \u015fekilde silinmesini veya yok edilmesini isteme,<\/li>\n\n\n\n<li>Aktar\u0131ld\u0131\u011f\u0131 \u00fc\u00e7\u00fcnc\u00fc ki\u015filere yap\u0131lan i\u015flemlerin bildirilmesini talep etme,<\/li>\n\n\n\n<li>\u0130\u015flenen verilerin m\u00fcnhas\u0131ran otomatik sistemler vas\u0131tas\u0131yla analiz edilmesi suretiyle aleyhinize bir sonucun ortaya \u00e7\u0131kmas\u0131na itiraz etme,<\/li>\n\n\n\n<li>Verilerin kanuna ayk\u0131r\u0131 olarak i\u015flenmesi sebebiyle zarara u\u011framan\u0131z h\u00e2linde zarar\u0131n giderilmesini talep etme<\/li>\n<\/ul>\n\n\n\n<p>haklar\u0131na sahipsiniz.<\/p>\n\n\n\n<p>KVKK kapsam\u0131ndaki haklar\u0131n\u0131za ili\u015fkin taleplerinizi yaz\u0131l\u0131 olarak \u015firket adresimize elden teslim edebilir, noter kanal\u0131yla g\u00f6nderebilir ya da <a class=\"\">kvkk@emircanlarpetrol.com.tr<\/a> adresine e-posta yoluyla iletebilirsiniz.<\/p>\n\n\n\n<h3 class=\"wp-block-heading\"> <a class=\"\">kvkk@emircanlarpetrol.com.tr<\/a> <\/h3>\n\n\n\n<p class=\"has-small-font-size\"><\/p>\n","protected":false},"excerpt":{"rendered":"<p>K\u0130\u015e\u0130SEL VER\u0130LER\u0130N KORUNMASI KANUNU (KVKK) KAPSAMINDA AYDINLATMA METN\u0130 Emircanlar Petrol \u00dcr\u00fcnleri Nakliye G\u0131da Sanayi ve Ticaret Limited \u015eirketi olarak, 6698 [&hellip;]<\/p>\n","protected":false},"author":2,"featured_media":390,"parent":0,"menu_order":0,"comment_status":"closed","ping_status":"closed","template":"","meta":{"site-sidebar-layout":"default","site-content-layout":"","ast-site-content-layout":"","site-content-style":"default","site-sidebar-style":"default","ast-global-header-display":"","ast-banner-title-visibility":"","ast-main-header-display":"","ast-hfb-above-header-display":"","ast-hfb-below-header-display":"","ast-hfb-mobile-header-display":"","site-post-title":"disabled","ast-breadcrumbs-content":"","ast-featured-img":"disabled","footer-sml-layout":"","theme-transparent-header-meta":"","adv-header-id-meta":"","stick-header-meta":"","header-above-stick-meta":"","header-main-stick-meta":"","header-below-stick-meta":"","astra-migrate-meta-layouts":"default","ast-page-background-enabled":"default","ast-page-background-meta":{"desktop":{"background-color":"var(--ast-global-color-4)","background-image":"","background-repeat":"repeat","background-position":"center center","background-size":"auto","background-attachment":"scroll","background-type":"","background-media":"","overlay-type":"","overlay-color":"","overlay-opacity":"","overlay-gradient":""},"tablet":{"background-color":"","background-image":"","background-repeat":"repeat","background-position":"center center","background-size":"auto","background-attachment":"scroll","background-type":"","background-media":"","overlay-type":"","overlay-color":"","overlay-opacity":"","overlay-gradient":""},"mobile":{"background-color":"","background-image":"","background-repeat":"repeat","background-position":"center center","background-size":"auto","background-attachment":"scroll","background-type":"","background-media":"","overlay-type":"","overlay-color":"","overlay-opacity":"","overlay-gradient":""}},"ast-content-background-meta":{"desktop":{"background-color":"var(--ast-global-color-5)","background-image":"","background-repeat":"repeat","background-position":"center center","background-size":"auto","background-attachment":"scroll","background-type":"","background-media":"","overlay-type":"","overlay-color":"","overlay-opacity":"","overlay-gradient":""},"tablet":{"background-color":"var(--ast-global-color-5)","background-image":"","background-repeat":"repeat","background-position":"center center","background-size":"auto","background-attachment":"scroll","background-type":"","background-media":"","overlay-type":"","overlay-color":"","overlay-opacity":"","overlay-gradient":""},"mobile":{"background-color":"var(--ast-global-color-5)","background-image":"","background-repeat":"repeat","background-position":"center center","background-size":"auto","background-attachment":"scroll","background-type":"","background-media":"","overlay-type":"","overlay-color":"","overlay-opacity":"","overlay-gradient":""}},"footnotes":""},"class_list":["post-250","page","type-page","status-publish","has-post-thumbnail","hentry"],"yoast_head":"<!-- This site is optimized with the Yoast SEO plugin v26.5 - https:\/\/yoast.com\/wordpress\/plugins\/seo\/ -->\n<title>KVKK Ayd\u0131nlatma Metni - Emircanlar Petrol<\/title>\n<meta name=\"description\" content=\"Emircanlar Petrol, \u0130zmir akaryak\u0131t fiyatlar\u0131 sunarken KVKK kapsam\u0131nda verilerinizi \u015feffaf \u015fekilde i\u015fleyip koruma alt\u0131na al\u0131r.\" \/>\n<meta name=\"robots\" content=\"index, follow, max-snippet:-1, max-image-preview:large, max-video-preview:-1\" \/>\n<link rel=\"canonical\" href=\"https:\/\/emircanlarpetrol.com\/?page_id=250\" \/>\n<meta property=\"og:locale\" content=\"tr_TR\" \/>\n<meta property=\"og:type\" content=\"article\" \/>\n<meta property=\"og:title\" content=\"emircanlar petrol\" \/>\n<meta property=\"og:description\" content=\"Emircanlar Petrol, \u0130zmir akaryak\u0131t fiyatlar\u0131 sunarken KVKK kapsam\u0131nda verilerinizi \u015feffaf \u015fekilde i\u015fleyip koruma alt\u0131na al\u0131r.\" \/>\n<meta property=\"og:url\" content=\"https:\/\/emircanlarpetrol.com\/?page_id=250\" \/>\n<meta property=\"og:site_name\" content=\"Emircanlar Petrol\" \/>\n<meta property=\"article:modified_time\" content=\"2025-04-08T23:51:20+00:00\" \/>\n<meta property=\"og:image\" content=\"https:\/\/emircanlarpetrol.com\/wp-content\/uploads\/2025\/04\/Untitled-38.png\" \/>\n\t<meta property=\"og:image:width\" content=\"1080\" \/>\n\t<meta property=\"og:image:height\" content=\"1080\" \/>\n\t<meta property=\"og:image:type\" content=\"image\/png\" \/>\n<meta name=\"twitter:card\" content=\"summary_large_image\" \/>\n<meta name=\"twitter:label1\" content=\"Tahmini okuma s\u00fcresi\" \/>\n\t<meta name=\"twitter:data1\" content=\"3 dakika\" \/>\n<script type=\"application\/ld+json\" class=\"yoast-schema-graph\">{\"@context\":\"https:\/\/schema.org\",\"@graph\":[{\"@type\":\"WebPage\",\"@id\":\"https:\/\/emircanlarpetrol.com\/?page_id=250\",\"url\":\"https:\/\/emircanlarpetrol.com\/?page_id=250\",\"name\":\"KVKK Ayd\u0131nlatma Metni - Emircanlar Petrol\",\"isPartOf\":{\"@id\":\"https:\/\/emircanlarpetrol.com\/#website\"},\"primaryImageOfPage\":{\"@id\":\"https:\/\/emircanlarpetrol.com\/?page_id=250#primaryimage\"},\"image\":{\"@id\":\"https:\/\/emircanlarpetrol.com\/?page_id=250#primaryimage\"},\"thumbnailUrl\":\"https:\/\/emircanlarpetrol.com\/wp-content\/uploads\/2025\/04\/Untitled-38.png\",\"datePublished\":\"2024-12-21T21:54:21+00:00\",\"dateModified\":\"2025-04-08T23:51:20+00:00\",\"description\":\"Emircanlar Petrol, \u0130zmir akaryak\u0131t fiyatlar\u0131 sunarken KVKK kapsam\u0131nda verilerinizi \u015feffaf \u015fekilde i\u015fleyip koruma alt\u0131na al\u0131r.\",\"breadcrumb\":{\"@id\":\"https:\/\/emircanlarpetrol.com\/?page_id=250#breadcrumb\"},\"inLanguage\":\"tr\",\"potentialAction\":[{\"@type\":\"ReadAction\",\"target\":[\"https:\/\/emircanlarpetrol.com\/?page_id=250\"]}]},{\"@type\":\"ImageObject\",\"inLanguage\":\"tr\",\"@id\":\"https:\/\/emircanlarpetrol.com\/?page_id=250#primaryimage\",\"url\":\"https:\/\/emircanlarpetrol.com\/wp-content\/uploads\/2025\/04\/Untitled-38.png\",\"contentUrl\":\"https:\/\/emircanlarpetrol.com\/wp-content\/uploads\/2025\/04\/Untitled-38.png\",\"width\":1080,\"height\":1080,\"caption\":\"emircanlar-petrol-kvkk-aydinlatma-metni,\"},{\"@type\":\"BreadcrumbList\",\"@id\":\"https:\/\/emircanlarpetrol.com\/?page_id=250#breadcrumb\",\"itemListElement\":[{\"@type\":\"ListItem\",\"position\":1,\"name\":\"Anasayfa\",\"item\":\"https:\/\/emircanlarpetrol.com\/\"},{\"@type\":\"ListItem\",\"position\":2,\"name\":\"KVKK Ayd\u0131nlatma Metni\"}]},{\"@type\":\"WebSite\",\"@id\":\"https:\/\/emircanlarpetrol.com\/#website\",\"url\":\"https:\/\/emircanlarpetrol.com\/\",\"name\":\"Emircanlar Petrol\",\"description\":\"\u0130zmir&#039;in sevilen akaryak\u0131t istasyonu!\",\"publisher\":{\"@id\":\"https:\/\/emircanlarpetrol.com\/#organization\"},\"potentialAction\":[{\"@type\":\"SearchAction\",\"target\":{\"@type\":\"EntryPoint\",\"urlTemplate\":\"https:\/\/emircanlarpetrol.com\/?s={search_term_string}\"},\"query-input\":{\"@type\":\"PropertyValueSpecification\",\"valueRequired\":true,\"valueName\":\"search_term_string\"}}],\"inLanguage\":\"tr\"},{\"@type\":\"Organization\",\"@id\":\"https:\/\/emircanlarpetrol.com\/#organization\",\"name\":\"Emircanlar Petrol\",\"url\":\"https:\/\/emircanlarpetrol.com\/\",\"logo\":{\"@type\":\"ImageObject\",\"inLanguage\":\"tr\",\"@id\":\"https:\/\/emircanlarpetrol.com\/#\/schema\/logo\/image\/\",\"url\":\"https:\/\/emircanlarpetrol.com\/wp-content\/uploads\/2026\/04\/cropped-logo.png\",\"contentUrl\":\"https:\/\/emircanlarpetrol.com\/wp-content\/uploads\/2026\/04\/cropped-logo.png\",\"width\":300,\"height\":100,\"caption\":\"Emircanlar Petrol\"},\"image\":{\"@id\":\"https:\/\/emircanlarpetrol.com\/#\/schema\/logo\/image\/\"}}]}<\/script>\n<!-- \/ Yoast SEO plugin. -->","yoast_head_json":{"title":"KVKK Ayd\u0131nlatma Metni - Emircanlar Petrol","description":"Emircanlar Petrol, \u0130zmir akaryak\u0131t fiyatlar\u0131 sunarken KVKK kapsam\u0131nda verilerinizi \u015feffaf \u015fekilde i\u015fleyip koruma alt\u0131na al\u0131r.","robots":{"index":"index","follow":"follow","max-snippet":"max-snippet:-1","max-image-preview":"max-image-preview:large","max-video-preview":"max-video-preview:-1"},"canonical":"https:\/\/emircanlarpetrol.com\/?page_id=250","og_locale":"tr_TR","og_type":"article","og_title":"emircanlar petrol","og_description":"Emircanlar Petrol, \u0130zmir akaryak\u0131t fiyatlar\u0131 sunarken KVKK kapsam\u0131nda verilerinizi \u015feffaf \u015fekilde i\u015fleyip koruma alt\u0131na al\u0131r.","og_url":"https:\/\/emircanlarpetrol.com\/?page_id=250","og_site_name":"Emircanlar Petrol","article_modified_time":"2025-04-08T23:51:20+00:00","og_image":[{"width":1080,"height":1080,"url":"https:\/\/emircanlarpetrol.com\/wp-content\/uploads\/2025\/04\/Untitled-38.png","type":"image\/png"}],"twitter_card":"summary_large_image","twitter_misc":{"Tahmini okuma s\u00fcresi":"3 dakika"},"schema":{"@context":"https:\/\/schema.org","@graph":[{"@type":"WebPage","@id":"https:\/\/emircanlarpetrol.com\/?page_id=250","url":"https:\/\/emircanlarpetrol.com\/?page_id=250","name":"KVKK Ayd\u0131nlatma Metni - Emircanlar Petrol","isPartOf":{"@id":"https:\/\/emircanlarpetrol.com\/#website"},"primaryImageOfPage":{"@id":"https:\/\/emircanlarpetrol.com\/?page_id=250#primaryimage"},"image":{"@id":"https:\/\/emircanlarpetrol.com\/?page_id=250#primaryimage"},"thumbnailUrl":"https:\/\/emircanlarpetrol.com\/wp-content\/uploads\/2025\/04\/Untitled-38.png","datePublished":"2024-12-21T21:54:21+00:00","dateModified":"2025-04-08T23:51:20+00:00","description":"Emircanlar Petrol, \u0130zmir akaryak\u0131t fiyatlar\u0131 sunarken KVKK kapsam\u0131nda verilerinizi \u015feffaf \u015fekilde i\u015fleyip koruma alt\u0131na al\u0131r.","breadcrumb":{"@id":"https:\/\/emircanlarpetrol.com\/?page_id=250#breadcrumb"},"inLanguage":"tr","potentialAction":[{"@type":"ReadAction","target":["https:\/\/emircanlarpetrol.com\/?page_id=250"]}]},{"@type":"ImageObject","inLanguage":"tr","@id":"https:\/\/emircanlarpetrol.com\/?page_id=250#primaryimage","url":"https:\/\/emircanlarpetrol.com\/wp-content\/uploads\/2025\/04\/Untitled-38.png","contentUrl":"https:\/\/emircanlarpetrol.com\/wp-content\/uploads\/2025\/04\/Untitled-38.png","width":1080,"height":1080,"caption":"emircanlar-petrol-kvkk-aydinlatma-metni,"},{"@type":"BreadcrumbList","@id":"https:\/\/emircanlarpetrol.com\/?page_id=250#breadcrumb","itemListElement":[{"@type":"ListItem","position":1,"name":"Anasayfa","item":"https:\/\/emircanlarpetrol.com\/"},{"@type":"ListItem","position":2,"name":"KVKK Ayd\u0131nlatma Metni"}]},{"@type":"WebSite","@id":"https:\/\/emircanlarpetrol.com\/#website","url":"https:\/\/emircanlarpetrol.com\/","name":"Emircanlar Petrol","description":"\u0130zmir&#039;in sevilen akaryak\u0131t istasyonu!","publisher":{"@id":"https:\/\/emircanlarpetrol.com\/#organization"},"potentialAction":[{"@type":"SearchAction","target":{"@type":"EntryPoint","urlTemplate":"https:\/\/emircanlarpetrol.com\/?s={search_term_string}"},"query-input":{"@type":"PropertyValueSpecification","valueRequired":true,"valueName":"search_term_string"}}],"inLanguage":"tr"},{"@type":"Organization","@id":"https:\/\/emircanlarpetrol.com\/#organization","name":"Emircanlar Petrol","url":"https:\/\/emircanlarpetrol.com\/","logo":{"@type":"ImageObject","inLanguage":"tr","@id":"https:\/\/emircanlarpetrol.com\/#\/schema\/logo\/image\/","url":"https:\/\/emircanlarpetrol.com\/wp-content\/uploads\/2026\/04\/cropped-logo.png","contentUrl":"https:\/\/emircanlarpetrol.com\/wp-content\/uploads\/2026\/04\/cropped-logo.png","width":300,"height":100,"caption":"Emircanlar Petrol"},"image":{"@id":"https:\/\/emircanlarpetrol.com\/#\/schema\/logo\/image\/"}}]}},"jetpack_sharing_enabled":true,"_links":{"self":[{"href":"https:\/\/emircanlarpetrol.com\/index.php?rest_route=\/wp\/v2\/pages\/250","targetHints":{"allow":["GET"]}}],"collection":[{"href":"https:\/\/emircanlarpetrol.com\/index.php?rest_route=\/wp\/v2\/pages"}],"about":[{"href":"https:\/\/emircanlarpetrol.com\/index.php?rest_route=\/wp\/v2\/types\/page"}],"author":[{"embeddable":true,"href":"https:\/\/emircanlarpetrol.com\/index.php?rest_route=\/wp\/v2\/users\/2"}],"replies":[{"embeddable":true,"href":"https:\/\/emircanlarpetrol.com\/index.php?rest_route=%2Fwp%2Fv2%2Fcomments&post=250"}],"version-history":[{"count":6,"href":"https:\/\/emircanlarpetrol.com\/index.php?rest_route=\/wp\/v2\/pages\/250\/revisions"}],"predecessor-version":[{"id":399,"href":"https:\/\/emircanlarpetrol.com\/index.php?rest_route=\/wp\/v2\/pages\/250\/revisions\/399"}],"wp:featuredmedia":[{"embeddable":true,"href":"https:\/\/emircanlarpetrol.com\/index.php?rest_route=\/wp\/v2\/media\/390"}],"wp:attachment":[{"href":"https:\/\/emircanlarpetrol.com\/index.php?rest_route=%2Fwp%2Fv2%2Fmedia&parent=250"}],"curies":[{"name":"wp","href":"https:\/\/api.w.org\/{rel}","templated":true}]}}